{"id":30,"date":"2013-10-22T14:42:25","date_gmt":"2013-10-22T14:42:25","guid":{"rendered":"http:\/\/cdv.hr\/usluge\/?page_id=30"},"modified":"2013-10-30T13:00:22","modified_gmt":"2013-10-30T13:00:22","slug":"reference","status":"publish","type":"page","link":"https:\/\/cdv.hr\/usluge\/reference\/","title":{"rendered":"Reference"},"content":{"rendered":"<ul>\n<li>HCL Consultants Ltd. Greece<\/li>\n<li>Regionalna razvoja agencija Zagreba\u010dke \u017eupanije<\/li>\n<li>Ministarstvo regionalnog razvoja i fondova EU<\/li>\n<li>Grad Split<\/li>\n<li>JU Nacionalni park Sjeverni Velebit<\/li>\n<li>Grad Ogulin<\/li>\n<li>TZ grada Ogulina<\/li>\n<li>Regionalna razvojna agencija \u0160ibensko-kninske \u017eupanije<\/li>\n<li>Poduzetni\u010dki centar Pakrac d.o.o.<\/li>\n<li>Razbor d.o.o.<\/li>\n<li>Meta consulting<\/li>\n<li>Eupolis grupa d.o.o.<\/li>\n<li>DGD d.o.o.<\/li>\n<li>Sonder d.o.o.<\/li>\n<li>TE Plomin d.o.o.<\/li>\n<li>DRVOPROIZVOD d.o.o.<\/li>\n<li>C.I.O.S. d.o.o.<\/li>\n<li>Felis produkti d.o.o.<\/li>\n<li>13M d.o.o.<\/li>\n<li>YUHOR-EXPORT d.o.o.<\/li>\n<li>Convenio d.o.o.<\/li>\n<li>HD Spatium d.o.o.<\/li>\n<li>Mega Victus d.o.o.<\/li>\n<li>Nibon pak d.o.o.<\/li>\n<li>PZ Andrija\u0161evci<\/li>\n<li>PZ Agro Ivankovo<\/li>\n<li>OPG Stjepan \u0160mar<\/li>\n<li>Pekarska Zadruga \u017dumbar<\/li>\n<li>Frizerski salon Bouclette<\/li>\n<\/ul>\n","protected":false},"excerpt":{"rendered":"<p>HCL Consultants Ltd. Greece Regionalna razvoja agencija Zagreba\u010dke \u017eupanije Ministarstvo regionalnog razvoja i fondova EU Grad Split JU Nacionalni park Sjeverni Velebit Grad Ogulin TZ grada Ogulina Regionalna razvojna agencija \u0160ibensko-kninske \u017eupanije Poduzetni\u010dki centar Pakrac d.o.o. Razbor d.o.o. Meta consulting Eupolis grupa d.o.o. DGD d.o.o. Sonder d.o.o. TE Plomin d.o.o. DRVOPROIZVOD d.o.o. C.I.O.S. d.o.o. Felis [&hellip;]<\/p>\n","protected":false},"author":1,"featured_media":0,"parent":0,"menu_order":0,"comment_status":"open","ping_status":"open","template":"","meta":[],"_links":{"self":[{"href":"https:\/\/cdv.hr\/usluge\/wp-json\/wp\/v2\/pages\/30"}],"collection":[{"href":"https:\/\/cdv.hr\/usluge\/wp-json\/wp\/v2\/pages"}],"about":[{"href":"https:\/\/cdv.hr\/usluge\/wp-json\/wp\/v2\/types\/page"}],"author":[{"embeddable":true,"href":"https:\/\/cdv.hr\/usluge\/wp-json\/wp\/v2\/users\/1"}],"replies":[{"embeddable":true,"href":"https:\/\/cdv.hr\/usluge\/wp-json\/wp\/v2\/comments?post=30"}],"version-history":[{"count":2,"href":"https:\/\/cdv.hr\/usluge\/wp-json\/wp\/v2\/pages\/30\/revisions"}],"predecessor-version":[{"id":82,"href":"https:\/\/cdv.hr\/usluge\/wp-json\/wp\/v2\/pages\/30\/revisions\/82"}],"wp:attachment":[{"href":"https:\/\/cdv.hr\/usluge\/wp-json\/wp\/v2\/media?parent=30"}],"curies":[{"name":"wp","href":"https:\/\/api.w.org\/{rel}","templated":true}]}}