{"id":26,"date":"2013-10-22T14:41:53","date_gmt":"2013-10-22T14:41:53","guid":{"rendered":"http:\/\/cdv.hr\/usluge\/?page_id=26"},"modified":"2013-10-30T10:33:19","modified_gmt":"2013-10-30T10:33:19","slug":"o-nama","status":"publish","type":"page","link":"http:\/\/cdv.hr\/usluge\/o-nama\/","title":{"rendered":"O nama"},"content":{"rendered":"<p style=\"text-align: justify;\">C.D.V. d.o.o. spada u grupu malih poduze\u0107a nastalih prije svega radi osiguranja poslova osniva\u010dima. Izostanak jasnog projekta poslovanja od samog osnutka proizveo je vi\u0161e godina traganja za poslovnim sadr\u017eajima i na\u010dinom njihova obavljanja koji tr\u017ei\u0161te prihva\u0107a.<\/p>\n<p>Vremenom poslovanje se profiliralo oko dva programa:<\/p>\n<p><b><i>Za\u010dini i za\u010dinske smjese te dodaci za pripremu gotovih jela i proizvoda od mesa<\/i><\/b><\/p>\n<p><b><i>Poslovne usluge usmjerene na financije, ra\u010dunovodstvo, investicijske studije, efikasnost poslovanja<\/i><\/b><\/p>\n<p>Dosada\u0161nja iskustva u oblikovanju tr\u017ei\u0161nog nastupa uvjerila su nas kako je klju\u010d opstanka u:<\/p>\n<ol>\n<li>Razumijevanju potreba na\u0161ih kupaca i sposobnosti ponude prilago\u0111ene njihovim aktualnim potrebama;<\/li>\n<li>Pra\u0107enju razvoja tehnologija i tr\u017ei\u0161ta te ponudi koja ide u susret suvremenim trendovima<\/li>\n<\/ol>\n<p style=\"text-align: justify;\">Ulazak u EU te akutna ekonomska kriza pred nas postavlja nove zahtjeve. Trgova\u010dko posredovanje bez dodane vrijednosti biti \u0107e pod udarom velikih\u00a0 EU igra\u010da. Na\u0161 smjer je iz prometa robe preseliti se u transfer tehnolo\u0161kih rje\u0161enja. To tra\u017ei nova znanja. C.D.V. \u0107e u okviru svojih potencijala poku\u0161ati u\u010diniti maksimum, ali znamo kako su nam resursi ograni\u010deni. Zato smo okrenuti formama suradnje koje \u0107e komplementarno povezivati partnere i olak\u0161ati nam odr\u017eavanje na sve konkurentnijem tr\u017ei\u0161tu.<\/p>\n<p style=\"text-align: justify;\">Mre\u017ena povezanost i suradnja su na\u0161e vi\u0111enje osposobljavanja za sve ve\u0107a isku\u0161enja u budu\u0107nosti.<\/p>\n<p style=\"text-align: justify;\">Otvoreni smo za suradnju s onima koji dijele sli\u010dne poglede na razvojne izazove.<\/p>\n<table class=\"tablica alignleft\" border=\"0\">\n<tbody>\n<tr>\n<td style=\"text-align: left;\">Naziv poduze\u0107a:<\/td>\n<td>C.D.V. d.o.o.<\/td>\n<\/tr>\n<tr>\n<td style=\"text-align: left;\">Sjedi\u0161te tvrtke:<\/td>\n<td>Antuna Bauera 27, 10000 Zagreb<\/td>\n<\/tr>\n<tr>\n<td style=\"text-align: left;\">Trgova\u010dki sud u Zagrebu,\u00a0 MBS:<\/td>\n<td>080291005<\/td>\n<\/tr>\n<tr>\n<td style=\"text-align: left;\">Temeljni kapital:<\/td>\n<td>352.000,00 kn, upla\u0107en u cijelosti<\/td>\n<\/tr>\n<tr>\n<td style=\"text-align: left;\">\u010clanovi uprave:<\/td>\n<td>Vesna Pacak<\/td>\n<\/tr>\n<tr>\n<td style=\"text-align: left;\">Direktor:<\/td>\n<td>Vesna Pacak<\/td>\n<\/tr>\n<tr>\n<td style=\"text-align: left;\">OIB:<\/td>\n<td>86396535949<\/td>\n<\/tr>\n<tr>\n<td style=\"text-align: left;\">IBAN:<\/td>\n<td>HR0624070001100000703<\/td>\n<\/tr>\n<\/tbody>\n<\/table>\n","protected":false},"excerpt":{"rendered":"<p>C.D.V. d.o.o. spada u grupu malih poduze\u0107a nastalih prije svega radi osiguranja poslova osniva\u010dima. Izostanak jasnog projekta poslovanja od samog osnutka proizveo je vi\u0161e godina traganja za poslovnim sadr\u017eajima i na\u010dinom njihova obavljanja koji tr\u017ei\u0161te prihva\u0107a. Vremenom poslovanje se profiliralo oko dva programa: Za\u010dini i za\u010dinske smjese te dodaci za pripremu gotovih jela i proizvoda [&hellip;]<\/p>\n","protected":false},"author":1,"featured_media":0,"parent":0,"menu_order":0,"comment_status":"open","ping_status":"open","template":"","meta":[],"_links":{"self":[{"href":"http:\/\/cdv.hr\/usluge\/wp-json\/wp\/v2\/pages\/26"}],"collection":[{"href":"http:\/\/cdv.hr\/usluge\/wp-json\/wp\/v2\/pages"}],"about":[{"href":"http:\/\/cdv.hr\/usluge\/wp-json\/wp\/v2\/types\/page"}],"author":[{"embeddable":true,"href":"http:\/\/cdv.hr\/usluge\/wp-json\/wp\/v2\/users\/1"}],"replies":[{"embeddable":true,"href":"http:\/\/cdv.hr\/usluge\/wp-json\/wp\/v2\/comments?post=26"}],"version-history":[{"count":3,"href":"http:\/\/cdv.hr\/usluge\/wp-json\/wp\/v2\/pages\/26\/revisions"}],"predecessor-version":[{"id":60,"href":"http:\/\/cdv.hr\/usluge\/wp-json\/wp\/v2\/pages\/26\/revisions\/60"}],"wp:attachment":[{"href":"http:\/\/cdv.hr\/usluge\/wp-json\/wp\/v2\/media?parent=26"}],"curies":[{"name":"wp","href":"https:\/\/api.w.org\/{rel}","templated":true}]}}